{"id":24,"date":"2025-12-12T14:07:40","date_gmt":"2025-12-12T14:07:40","guid":{"rendered":"https:\/\/jagahaisl.weareweblabs.com\/?page_id=24"},"modified":"2026-03-21T17:47:20","modified_gmt":"2026-03-21T16:47:20","slug":"karriere","status":"publish","type":"page","link":"https:\/\/jagaheisl.at\/en\/karriere\/","title":{"rendered":"career"},"content":{"rendered":"","protected":false},"excerpt":{"rendered":"","protected":false},"author":1,"featured_media":63,"parent":0,"menu_order":0,"comment_status":"closed","ping_status":"closed","template":"","meta":{"_acf_changed":false,"_breakdance_hide_in_design_set":false,"_breakdance_tags":"","footnotes":""},"class_list":["post-24","page","type-page","status-publish","has-post-thumbnail","hentry"],"acf":[],"yoast_head":"<!-- This site is optimized with the Yoast SEO plugin v27.3 - https:\/\/yoast.com\/product\/yoast-seo-wordpress\/ -->\n<title>Gastronomie Jobs Bad Gastein - Bewerben im J\u00e4gerh\u00e4usl<\/title>\n<meta name=\"description\" content=\"Gastro Jobs Bad Gastein. Arbeiten in der Gastro in Bad Gastein. J\u00e4gerh\u00e4usl seit 1828. Dein premium Arbeitgeber in Bad Gastein.\" \/>\n<meta name=\"robots\" content=\"index, follow, max-snippet:-1, max-image-preview:large, max-video-preview:-1\" \/>\n<link rel=\"canonical\" href=\"https:\/\/jagaheisl.at\/en\/karriere\/\" \/>\n<meta property=\"og:locale\" content=\"en_US\" \/>\n<meta property=\"og:type\" content=\"article\" \/>\n<meta property=\"og:title\" content=\"Gastronomie Jobs Bad Gastein - Bewerben im J\u00e4gerh\u00e4usl\" \/>\n<meta property=\"og:description\" content=\"Gastro Jobs Bad Gastein. Arbeiten in der Gastro in Bad Gastein. J\u00e4gerh\u00e4usl seit 1828. Dein premium Arbeitgeber in Bad Gastein.\" \/>\n<meta property=\"og:url\" content=\"https:\/\/jagaheisl.at\/en\/karriere\/\" \/>\n<meta property=\"og:site_name\" content=\"Jagaheisl\" \/>\n<meta property=\"article:modified_time\" content=\"2026-03-21T16:47:20+00:00\" \/>\n<meta property=\"og:image\" content=\"https:\/\/jagaheisl.at\/wp-content\/uploads\/2025\/12\/schneemann_nachtaufnahme-scaled.jpeg\" \/>\n\t<meta property=\"og:image:width\" content=\"2560\" \/>\n\t<meta property=\"og:image:height\" content=\"1708\" \/>\n\t<meta property=\"og:image:type\" content=\"image\/jpeg\" \/>\n<meta name=\"twitter:card\" content=\"summary_large_image\" \/>\n<meta name=\"twitter:label1\" content=\"Est. reading time\" \/>\n\t<meta name=\"twitter:data1\" content=\"1 minute\" \/>\n<script type=\"application\/ld+json\" class=\"yoast-schema-graph\">{\"@context\":\"https:\\\/\\\/schema.org\",\"@graph\":[{\"@type\":\"WebPage\",\"@id\":\"https:\\\/\\\/jagaheisl.at\\\/karriere\\\/\",\"url\":\"https:\\\/\\\/jagaheisl.at\\\/karriere\\\/\",\"name\":\"Gastronomie Jobs Bad Gastein - Bewerben im J\u00e4gerh\u00e4usl\",\"isPartOf\":{\"@id\":\"https:\\\/\\\/jagaheisl.at\\\/#website\"},\"primaryImageOfPage\":{\"@id\":\"https:\\\/\\\/jagaheisl.at\\\/karriere\\\/#primaryimage\"},\"image\":{\"@id\":\"https:\\\/\\\/jagaheisl.at\\\/karriere\\\/#primaryimage\"},\"thumbnailUrl\":\"https:\\\/\\\/jagaheisl.at\\\/wp-content\\\/uploads\\\/2025\\\/12\\\/schneemann_nachtaufnahme-scaled.jpeg\",\"datePublished\":\"2025-12-12T14:07:40+00:00\",\"dateModified\":\"2026-03-21T16:47:20+00:00\",\"description\":\"Gastro Jobs Bad Gastein. Arbeiten in der Gastro in Bad Gastein. J\u00e4gerh\u00e4usl seit 1828. Dein premium Arbeitgeber in Bad Gastein.\",\"breadcrumb\":{\"@id\":\"https:\\\/\\\/jagaheisl.at\\\/karriere\\\/#breadcrumb\"},\"inLanguage\":\"en-US\",\"potentialAction\":[{\"@type\":\"ReadAction\",\"target\":[\"https:\\\/\\\/jagaheisl.at\\\/karriere\\\/\"]}]},{\"@type\":\"ImageObject\",\"inLanguage\":\"en-US\",\"@id\":\"https:\\\/\\\/jagaheisl.at\\\/karriere\\\/#primaryimage\",\"url\":\"https:\\\/\\\/jagaheisl.at\\\/wp-content\\\/uploads\\\/2025\\\/12\\\/schneemann_nachtaufnahme-scaled.jpeg\",\"contentUrl\":\"https:\\\/\\\/jagaheisl.at\\\/wp-content\\\/uploads\\\/2025\\\/12\\\/schneemann_nachtaufnahme-scaled.jpeg\",\"width\":2560,\"height\":1708},{\"@type\":\"BreadcrumbList\",\"@id\":\"https:\\\/\\\/jagaheisl.at\\\/karriere\\\/#breadcrumb\",\"itemListElement\":[{\"@type\":\"ListItem\",\"position\":1,\"name\":\"Start\",\"item\":\"https:\\\/\\\/jagaheisl.at\\\/\"},{\"@type\":\"ListItem\",\"position\":2,\"name\":\"Karriere\"}]},{\"@type\":\"WebSite\",\"@id\":\"https:\\\/\\\/jagaheisl.at\\\/#website\",\"url\":\"https:\\\/\\\/jagaheisl.at\\\/\",\"name\":\"Jagaheisl\",\"description\":\"Das Kult-Restaurant in Bad Gastein\",\"potentialAction\":[{\"@type\":\"SearchAction\",\"target\":{\"@type\":\"EntryPoint\",\"urlTemplate\":\"https:\\\/\\\/jagaheisl.at\\\/?s={search_term_string}\"},\"query-input\":{\"@type\":\"PropertyValueSpecification\",\"valueRequired\":true,\"valueName\":\"search_term_string\"}}],\"inLanguage\":\"en-US\"}]}<\/script>\n<!-- \/ Yoast SEO plugin. -->","yoast_head_json":{"title":"Gastronomie Jobs Bad Gastein - Bewerben im J\u00e4gerh\u00e4usl","description":"Restaurant jobs in Bad Gastein. Work in the restaurant industry in Bad Gastein. J\u00e4gerh\u00e4usl since 1828. Your premium employer in Bad Gastein.","robots":{"index":"index","follow":"follow","max-snippet":"max-snippet:-1","max-image-preview":"max-image-preview:large","max-video-preview":"max-video-preview:-1"},"canonical":"https:\/\/jagaheisl.at\/en\/karriere\/","og_locale":"en_US","og_type":"article","og_title":"Gastronomie Jobs Bad Gastein - Bewerben im J\u00e4gerh\u00e4usl","og_description":"Gastro Jobs Bad Gastein. Arbeiten in der Gastro in Bad Gastein. J\u00e4gerh\u00e4usl seit 1828. Dein premium Arbeitgeber in Bad Gastein.","og_url":"https:\/\/jagaheisl.at\/en\/karriere\/","og_site_name":"Jagaheisl","article_modified_time":"2026-03-21T16:47:20+00:00","og_image":[{"width":2560,"height":1708,"url":"https:\/\/jagaheisl.at\/wp-content\/uploads\/2025\/12\/schneemann_nachtaufnahme-scaled.jpeg","type":"image\/jpeg"}],"twitter_card":"summary_large_image","twitter_misc":{"Est. reading time":"1 minute"},"schema":{"@context":"https:\/\/schema.org","@graph":[{"@type":"WebPage","@id":"https:\/\/jagaheisl.at\/karriere\/","url":"https:\/\/jagaheisl.at\/karriere\/","name":"Gastronomie Jobs Bad Gastein - Bewerben im J\u00e4gerh\u00e4usl","isPartOf":{"@id":"https:\/\/jagaheisl.at\/#website"},"primaryImageOfPage":{"@id":"https:\/\/jagaheisl.at\/karriere\/#primaryimage"},"image":{"@id":"https:\/\/jagaheisl.at\/karriere\/#primaryimage"},"thumbnailUrl":"https:\/\/jagaheisl.at\/wp-content\/uploads\/2025\/12\/schneemann_nachtaufnahme-scaled.jpeg","datePublished":"2025-12-12T14:07:40+00:00","dateModified":"2026-03-21T16:47:20+00:00","description":"Restaurant jobs in Bad Gastein. Work in the restaurant industry in Bad Gastein. J\u00e4gerh\u00e4usl since 1828. Your premium employer in Bad Gastein.","breadcrumb":{"@id":"https:\/\/jagaheisl.at\/karriere\/#breadcrumb"},"inLanguage":"en-US","potentialAction":[{"@type":"ReadAction","target":["https:\/\/jagaheisl.at\/karriere\/"]}]},{"@type":"ImageObject","inLanguage":"en-US","@id":"https:\/\/jagaheisl.at\/karriere\/#primaryimage","url":"https:\/\/jagaheisl.at\/wp-content\/uploads\/2025\/12\/schneemann_nachtaufnahme-scaled.jpeg","contentUrl":"https:\/\/jagaheisl.at\/wp-content\/uploads\/2025\/12\/schneemann_nachtaufnahme-scaled.jpeg","width":2560,"height":1708},{"@type":"BreadcrumbList","@id":"https:\/\/jagaheisl.at\/karriere\/#breadcrumb","itemListElement":[{"@type":"ListItem","position":1,"name":"Start","item":"https:\/\/jagaheisl.at\/"},{"@type":"ListItem","position":2,"name":"Karriere"}]},{"@type":"WebSite","@id":"https:\/\/jagaheisl.at\/#website","url":"https:\/\/jagaheisl.at\/","name":"Jagaheisl","description":"The cult restaurant in Bad Gastein","potentialAction":[{"@type":"SearchAction","target":{"@type":"EntryPoint","urlTemplate":"https:\/\/jagaheisl.at\/?s={search_term_string}"},"query-input":{"@type":"PropertyValueSpecification","valueRequired":true,"valueName":"search_term_string"}}],"inLanguage":"en-US"}]}},"_links":{"self":[{"href":"https:\/\/jagaheisl.at\/en\/wp-json\/wp\/v2\/pages\/24","targetHints":{"allow":["GET"]}}],"collection":[{"href":"https:\/\/jagaheisl.at\/en\/wp-json\/wp\/v2\/pages"}],"about":[{"href":"https:\/\/jagaheisl.at\/en\/wp-json\/wp\/v2\/types\/page"}],"author":[{"embeddable":true,"href":"https:\/\/jagaheisl.at\/en\/wp-json\/wp\/v2\/users\/1"}],"replies":[{"embeddable":true,"href":"https:\/\/jagaheisl.at\/en\/wp-json\/wp\/v2\/comments?post=24"}],"version-history":[{"count":1,"href":"https:\/\/jagaheisl.at\/en\/wp-json\/wp\/v2\/pages\/24\/revisions"}],"predecessor-version":[{"id":25,"href":"https:\/\/jagaheisl.at\/en\/wp-json\/wp\/v2\/pages\/24\/revisions\/25"}],"wp:featuredmedia":[{"embeddable":true,"href":"https:\/\/jagaheisl.at\/en\/wp-json\/wp\/v2\/media\/63"}],"wp:attachment":[{"href":"https:\/\/jagaheisl.at\/en\/wp-json\/wp\/v2\/media?parent=24"}],"curies":[{"name":"wp","href":"https:\/\/api.w.org\/{rel}","templated":true}]}}